{"id":10,"date":"2019-04-04T11:55:59","date_gmt":"2019-04-04T09:55:59","guid":{"rendered":"http:\/\/melusinecouture.com\/?page_id=10"},"modified":"2025-02-20T11:34:05","modified_gmt":"2025-02-20T10:34:05","slug":"un-contact","status":"publish","type":"page","link":"https:\/\/melusinecouture.com\/index.php\/un-contact\/","title":{"rendered":"Un contact"},"content":{"rendered":"\t\t<div data-elementor-type=\"wp-post\" data-elementor-id=\"10\" class=\"elementor elementor-10\">\n\t\t\t\t\t\t<section class=\"elementor-section elementor-top-section elementor-element elementor-element-68461cb elementor-section-stretched elementor-section-boxed elementor-section-height-default elementor-section-height-default\" data-id=\"68461cb\" data-element_type=\"section\" data-e-type=\"section\" data-settings=\"{&quot;stretch_section&quot;:&quot;section-stretched&quot;}\">\n\t\t\t\t\t\t<div class=\"elementor-container elementor-column-gap-default\">\n\t\t\t\t\t<div class=\"elementor-column elementor-col-50 elementor-top-column elementor-element elementor-element-7abbb3e\" data-id=\"7abbb3e\" data-element_type=\"column\" data-e-type=\"column\">\n\t\t\t<div class=\"elementor-widget-wrap elementor-element-populated\">\n\t\t\t\t\t\t<div class=\"elementor-element elementor-element-2d66fe1 elementor-widget elementor-widget-text-editor\" data-id=\"2d66fe1\" data-element_type=\"widget\" data-e-type=\"widget\" data-widget_type=\"text-editor.default\">\n\t\t\t\t<div class=\"elementor-widget-container\">\n\t\t\t\t\t\t\t\t\t<p><div id=\"lmm_1f29b3c8\" style=\"width:640px;\" class=\"mapsmarker markermap marker-2\">\n<div id=\"lmm_panel_1f29b3c8\" class=\"lmm-panel\" style=\"background:#efefef;\">\n<div id=\"lmm_panel_api_1f29b3c8\" class=\"lmm-panel-api\"><a href=\"https:\/\/maps.google.com\/maps?daddr=Ploun%C3%A9our-Trez+Bretagne%2C+France&amp;t=m&amp;layer=1&amp;doflg=ptk&amp;om=0\" target=\"_blank\" title=\"Obtenir l&#039;itin\u00e9raire\"><img decoding=\"async\" alt=\"icon-car.png\" src=\"https:\/\/melusinecouture.com\/wp-content\/plugins\/leaflet-maps-marker\/inc\/img\/icon-car.png\" width=\"14\" height=\"14\" class=\"lmm-panel-api-images\" \/><\/a><\/div><div id=\"lmm_panel_text_1f29b3c8\" class=\"lmm-panel-text\" style=\"font-weight:bold;color:#373737;\">M\u00e9lusine couture<\/div><\/div>\n<div id=\"lmm_map_1f29b3c8\" class=\"lmm-map\" style=\"background:#f6f6f6;border:1px solid #ccc;height:480px; overflow:hidden;padding:0;\"><p style=\"font-size:80%;color:#9f9e9e;margin-left:5px;\">chargement de la carte &#8211; veuillez patienter&#8230;<noscript><br\/><strong>La carte ne peut \u00eatre charg\u00e9e &#8211; s&rsquo;il vous pla\u00eet activer Javascript !<\/strong><br\/><a style=\"text-decoration:none;\" href=\"https:\/\/www.mapsmarker.com\/js-disabled\" target=\"_blank\">&rarr; plus dginformations<\/a><\/noscript><\/p><\/div>\n<div id=\"lmm_geo_tags_1f29b3c8\" class=\"lmm-geo-tags geo\">\n<span class=\"paneltext\">M\u00e9lusine couture<\/span>\n<span class=\"latitude\">48.645656<\/span>, <span class=\"longitude\">-4.330051<\/span>\n<span class=\"popuptext\"><\/span>\n<\/div>\n<\/div><\/p>\t\t\t\t\t\t\t\t<\/div>\n\t\t\t\t<\/div>\n\t\t\t\t\t<\/div>\n\t\t<\/div>\n\t\t\t\t<div class=\"elementor-column elementor-col-50 elementor-top-column elementor-element elementor-element-4cc9dcf\" data-id=\"4cc9dcf\" data-element_type=\"column\" data-e-type=\"column\">\n\t\t\t<div class=\"elementor-widget-wrap elementor-element-populated\">\n\t\t\t\t\t\t\t<\/div>\n\t\t<\/div>\n\t\t\t\t\t<\/div>\n\t\t<\/section>\n\t\t\t\t<section class=\"elementor-section elementor-top-section elementor-element elementor-element-aca3f8e elementor-section-boxed elementor-section-height-default elementor-section-height-default\" data-id=\"aca3f8e\" data-element_type=\"section\" data-e-type=\"section\">\n\t\t\t\t\t\t<div class=\"elementor-container elementor-column-gap-default\">\n\t\t\t\t\t<div class=\"elementor-column elementor-col-100 elementor-top-column elementor-element elementor-element-782bdbc\" data-id=\"782bdbc\" data-element_type=\"column\" data-e-type=\"column\">\n\t\t\t<div class=\"elementor-widget-wrap elementor-element-populated\">\n\t\t\t\t\t\t<div class=\"elementor-element elementor-element-21f4479 elementor-widget elementor-widget-text-editor\" data-id=\"21f4479\" data-element_type=\"widget\" data-e-type=\"widget\" data-widget_type=\"text-editor.default\">\n\t\t\t\t<div class=\"elementor-widget-container\">\n\t\t\t\t\t\t\t\t\t<h3 style=\"text-align: center;\"><span style=\"color: #5ea400;\"><a style=\"color: #5ea400;\" href=\"https:\/\/melusinecouture.com\/index.php\/politique-de-confidentialite\/\" target=\"_blank\" rel=\"noopener\"><strong>Mentions L\u00e9gales Politique de confidentialit\u00e9<\/strong><\/a><\/span><\/h3>\t\t\t\t\t\t\t\t<\/div>\n\t\t\t\t<\/div>\n\t\t\t\t\t<\/div>\n\t\t<\/div>\n\t\t\t\t\t<\/div>\n\t\t<\/section>\n\t\t\t\t<\/div>\n\t\t","protected":false},"excerpt":{"rendered":"<p>Mentions L\u00e9gales Politique de confidentialit\u00e9<\/p>\n","protected":false},"author":1,"featured_media":0,"parent":0,"menu_order":0,"comment_status":"closed","ping_status":"closed","template":"","meta":{"footnotes":""},"class_list":["post-10","page","type-page","status-publish","hentry"],"yoast_head":"<!-- This site is optimized with the Yoast SEO plugin v27.4 - https:\/\/yoast.com\/product\/yoast-seo-wordpress\/ -->\n<title>Un contact - WWW.MELUSINECOUTURE.COM Ploun\u00e9our trez<\/title>\n<meta name=\"description\" content=\"Un contact\" \/>\n<meta name=\"robots\" content=\"index, follow, max-snippet:-1, max-image-preview:large, max-video-preview:-1\" \/>\n<link rel=\"canonical\" href=\"https:\/\/melusinecouture.com\/index.php\/un-contact\/\" \/>\n<meta property=\"og:locale\" content=\"fr_FR\" \/>\n<meta property=\"og:type\" content=\"article\" \/>\n<meta property=\"og:title\" content=\"Un contact - WWW.MELUSINECOUTURE.COM Ploun\u00e9our trez\" \/>\n<meta property=\"og:description\" content=\"Un contact\" \/>\n<meta property=\"og:url\" content=\"https:\/\/melusinecouture.com\/index.php\/un-contact\/\" \/>\n<meta property=\"og:site_name\" content=\"WWW.MELUSINECOUTURE.COM Ploun\u00e9our trez\" \/>\n<meta property=\"article:modified_time\" content=\"2025-02-20T10:34:05+00:00\" \/>\n<meta name=\"twitter:card\" content=\"summary_large_image\" \/>\n<meta name=\"twitter:label1\" content=\"Dur\u00e9e de lecture estim\u00e9e\" \/>\n\t<meta name=\"twitter:data1\" content=\"1 minute\" \/>\n<script type=\"application\/ld+json\" class=\"yoast-schema-graph\">{\"@context\":\"https:\\\/\\\/schema.org\",\"@graph\":[{\"@type\":\"WebPage\",\"@id\":\"https:\\\/\\\/melusinecouture.com\\\/index.php\\\/un-contact\\\/\",\"url\":\"https:\\\/\\\/melusinecouture.com\\\/index.php\\\/un-contact\\\/\",\"name\":\"Un contact - WWW.MELUSINECOUTURE.COM Ploun\u00e9our trez\",\"isPartOf\":{\"@id\":\"https:\\\/\\\/melusinecouture.com\\\/#website\"},\"datePublished\":\"2019-04-04T09:55:59+00:00\",\"dateModified\":\"2025-02-20T10:34:05+00:00\",\"description\":\"Un contact\",\"breadcrumb\":{\"@id\":\"https:\\\/\\\/melusinecouture.com\\\/index.php\\\/un-contact\\\/#breadcrumb\"},\"inLanguage\":\"fr-FR\",\"potentialAction\":[{\"@type\":\"ReadAction\",\"target\":[\"https:\\\/\\\/melusinecouture.com\\\/index.php\\\/un-contact\\\/\"]}]},{\"@type\":\"BreadcrumbList\",\"@id\":\"https:\\\/\\\/melusinecouture.com\\\/index.php\\\/un-contact\\\/#breadcrumb\",\"itemListElement\":[{\"@type\":\"ListItem\",\"position\":1,\"name\":\"Accueil\",\"item\":\"https:\\\/\\\/melusinecouture.com\\\/\"},{\"@type\":\"ListItem\",\"position\":2,\"name\":\"Un contact\"}]},{\"@type\":\"WebSite\",\"@id\":\"https:\\\/\\\/melusinecouture.com\\\/#website\",\"url\":\"https:\\\/\\\/melusinecouture.com\\\/\",\"name\":\"WWW.MELUSINECOUTURE.COM Ploun\u00e9our trez\",\"description\":\"M\u00e9lusine couture, tous travaux couture et si\u00e8ges , retouches broderies, linge de maison.\",\"potentialAction\":[{\"@type\":\"SearchAction\",\"target\":{\"@type\":\"EntryPoint\",\"urlTemplate\":\"https:\\\/\\\/melusinecouture.com\\\/?s={search_term_string}\"},\"query-input\":{\"@type\":\"PropertyValueSpecification\",\"valueRequired\":true,\"valueName\":\"search_term_string\"}}],\"inLanguage\":\"fr-FR\"}]}<\/script>\n<!-- \/ Yoast SEO plugin. -->","yoast_head_json":{"title":"Un contact - WWW.MELUSINECOUTURE.COM Ploun\u00e9our trez","description":"Un contact","robots":{"index":"index","follow":"follow","max-snippet":"max-snippet:-1","max-image-preview":"max-image-preview:large","max-video-preview":"max-video-preview:-1"},"canonical":"https:\/\/melusinecouture.com\/index.php\/un-contact\/","og_locale":"fr_FR","og_type":"article","og_title":"Un contact - WWW.MELUSINECOUTURE.COM Ploun\u00e9our trez","og_description":"Un contact","og_url":"https:\/\/melusinecouture.com\/index.php\/un-contact\/","og_site_name":"WWW.MELUSINECOUTURE.COM Ploun\u00e9our trez","article_modified_time":"2025-02-20T10:34:05+00:00","twitter_card":"summary_large_image","twitter_misc":{"Dur\u00e9e de lecture estim\u00e9e":"1 minute"},"schema":{"@context":"https:\/\/schema.org","@graph":[{"@type":"WebPage","@id":"https:\/\/melusinecouture.com\/index.php\/un-contact\/","url":"https:\/\/melusinecouture.com\/index.php\/un-contact\/","name":"Un contact - WWW.MELUSINECOUTURE.COM Ploun\u00e9our trez","isPartOf":{"@id":"https:\/\/melusinecouture.com\/#website"},"datePublished":"2019-04-04T09:55:59+00:00","dateModified":"2025-02-20T10:34:05+00:00","description":"Un contact","breadcrumb":{"@id":"https:\/\/melusinecouture.com\/index.php\/un-contact\/#breadcrumb"},"inLanguage":"fr-FR","potentialAction":[{"@type":"ReadAction","target":["https:\/\/melusinecouture.com\/index.php\/un-contact\/"]}]},{"@type":"BreadcrumbList","@id":"https:\/\/melusinecouture.com\/index.php\/un-contact\/#breadcrumb","itemListElement":[{"@type":"ListItem","position":1,"name":"Accueil","item":"https:\/\/melusinecouture.com\/"},{"@type":"ListItem","position":2,"name":"Un contact"}]},{"@type":"WebSite","@id":"https:\/\/melusinecouture.com\/#website","url":"https:\/\/melusinecouture.com\/","name":"WWW.MELUSINECOUTURE.COM Ploun\u00e9our trez","description":"M\u00e9lusine couture, tous travaux couture et si\u00e8ges , retouches broderies, linge de maison.","potentialAction":[{"@type":"SearchAction","target":{"@type":"EntryPoint","urlTemplate":"https:\/\/melusinecouture.com\/?s={search_term_string}"},"query-input":{"@type":"PropertyValueSpecification","valueRequired":true,"valueName":"search_term_string"}}],"inLanguage":"fr-FR"}]}},"jetpack_sharing_enabled":true,"_links":{"self":[{"href":"https:\/\/melusinecouture.com\/index.php\/wp-json\/wp\/v2\/pages\/10","targetHints":{"allow":["GET"]}}],"collection":[{"href":"https:\/\/melusinecouture.com\/index.php\/wp-json\/wp\/v2\/pages"}],"about":[{"href":"https:\/\/melusinecouture.com\/index.php\/wp-json\/wp\/v2\/types\/page"}],"author":[{"embeddable":true,"href":"https:\/\/melusinecouture.com\/index.php\/wp-json\/wp\/v2\/users\/1"}],"replies":[{"embeddable":true,"href":"https:\/\/melusinecouture.com\/index.php\/wp-json\/wp\/v2\/comments?post=10"}],"version-history":[{"count":16,"href":"https:\/\/melusinecouture.com\/index.php\/wp-json\/wp\/v2\/pages\/10\/revisions"}],"predecessor-version":[{"id":16877,"href":"https:\/\/melusinecouture.com\/index.php\/wp-json\/wp\/v2\/pages\/10\/revisions\/16877"}],"wp:attachment":[{"href":"https:\/\/melusinecouture.com\/index.php\/wp-json\/wp\/v2\/media?parent=10"}],"curies":[{"name":"wp","href":"https:\/\/api.w.org\/{rel}","templated":true}]}}