{"id":12,"date":"2019-04-04T11:55:59","date_gmt":"2019-04-04T09:55:59","guid":{"rendered":"http:\/\/melusinecouture.com\/?page_id=12"},"modified":"2025-08-21T21:34:23","modified_gmt":"2025-08-21T19:34:23","slug":"une-section-de-page-daccueil","status":"publish","type":"page","link":"https:\/\/melusinecouture.com\/index.php\/une-section-de-page-daccueil\/","title":{"rendered":"Nos sp\u00e9cialit\u00e9s"},"content":{"rendered":"<p>Nous r\u00e9alisons tous travaux de couture.<br \/>R\u00e9fection de tous styles.<br \/>D\u00e9coration de l&rsquo;ensemble d&rsquo;une pi\u00e8ce, rideaux, si\u00e8ges et coussins.<\/p>\r\n<p>&nbsp;<\/p>\r\n<!-- \/wp:post-content -->","protected":false},"excerpt":{"rendered":"<p>Nous r\u00e9alisons tous travaux de couture.R\u00e9fection de tous styles.D\u00e9coration de l&rsquo;ensemble d&rsquo;une pi\u00e8ce, rideaux, si\u00e8ges et coussins. &nbsp;<\/p>\n","protected":false},"author":1,"featured_media":121,"parent":0,"menu_order":0,"comment_status":"closed","ping_status":"closed","template":"","meta":{"footnotes":""},"class_list":["post-12","page","type-page","status-publish","has-post-thumbnail","hentry"],"yoast_head":"<!-- This site is optimized with the Yoast SEO plugin v27.5 - https:\/\/yoast.com\/product\/yoast-seo-wordpress\/ -->\n<title>Nos sp\u00e9cialit\u00e9s - WWW.MELUSINECOUTURE.COM Ploun\u00e9our trez<\/title>\n<meta name=\"robots\" content=\"index, follow, max-snippet:-1, max-image-preview:large, max-video-preview:-1\" \/>\n<link rel=\"canonical\" href=\"https:\/\/melusinecouture.com\/index.php\/une-section-de-page-daccueil\/\" \/>\n<meta property=\"og:locale\" content=\"fr_FR\" \/>\n<meta property=\"og:type\" content=\"article\" \/>\n<meta property=\"og:title\" content=\"Nos sp\u00e9cialit\u00e9s - WWW.MELUSINECOUTURE.COM Ploun\u00e9our trez\" \/>\n<meta property=\"og:description\" content=\"Nous r\u00e9alisons tous travaux de couture.R\u00e9fection de tous styles.D\u00e9coration de l&rsquo;ensemble d&rsquo;une pi\u00e8ce, rideaux, si\u00e8ges et coussins. &nbsp;\" \/>\n<meta property=\"og:url\" content=\"https:\/\/melusinecouture.com\/index.php\/une-section-de-page-daccueil\/\" \/>\n<meta property=\"og:site_name\" content=\"WWW.MELUSINECOUTURE.COM Ploun\u00e9our trez\" \/>\n<meta property=\"article:modified_time\" content=\"2025-08-21T19:34:23+00:00\" \/>\n<meta property=\"og:image\" content=\"https:\/\/melusinecouture.com\/wp-content\/uploads\/2019\/04\/PICT3968.jpg\" \/>\n\t<meta property=\"og:image:width\" content=\"1600\" \/>\n\t<meta property=\"og:image:height\" content=\"1200\" \/>\n\t<meta property=\"og:image:type\" content=\"image\/jpeg\" \/>\n<meta name=\"twitter:card\" content=\"summary_large_image\" \/>\n<meta name=\"twitter:label1\" content=\"Dur\u00e9e de lecture estim\u00e9e\" \/>\n\t<meta name=\"twitter:data1\" content=\"1 minute\" \/>\n<script type=\"application\/ld+json\" class=\"yoast-schema-graph\">{\"@context\":\"https:\\\/\\\/schema.org\",\"@graph\":[{\"@type\":\"WebPage\",\"@id\":\"https:\\\/\\\/melusinecouture.com\\\/index.php\\\/une-section-de-page-daccueil\\\/\",\"url\":\"https:\\\/\\\/melusinecouture.com\\\/index.php\\\/une-section-de-page-daccueil\\\/\",\"name\":\"Nos sp\u00e9cialit\u00e9s - WWW.MELUSINECOUTURE.COM Ploun\u00e9our trez\",\"isPartOf\":{\"@id\":\"https:\\\/\\\/melusinecouture.com\\\/#website\"},\"primaryImageOfPage\":{\"@id\":\"https:\\\/\\\/melusinecouture.com\\\/index.php\\\/une-section-de-page-daccueil\\\/#primaryimage\"},\"image\":{\"@id\":\"https:\\\/\\\/melusinecouture.com\\\/index.php\\\/une-section-de-page-daccueil\\\/#primaryimage\"},\"thumbnailUrl\":\"https:\\\/\\\/melusinecouture.com\\\/wp-content\\\/uploads\\\/2019\\\/04\\\/PICT3968.jpg\",\"datePublished\":\"2019-04-04T09:55:59+00:00\",\"dateModified\":\"2025-08-21T19:34:23+00:00\",\"breadcrumb\":{\"@id\":\"https:\\\/\\\/melusinecouture.com\\\/index.php\\\/une-section-de-page-daccueil\\\/#breadcrumb\"},\"inLanguage\":\"fr-FR\",\"potentialAction\":[{\"@type\":\"ReadAction\",\"target\":[\"https:\\\/\\\/melusinecouture.com\\\/index.php\\\/une-section-de-page-daccueil\\\/\"]}]},{\"@type\":\"ImageObject\",\"inLanguage\":\"fr-FR\",\"@id\":\"https:\\\/\\\/melusinecouture.com\\\/index.php\\\/une-section-de-page-daccueil\\\/#primaryimage\",\"url\":\"https:\\\/\\\/melusinecouture.com\\\/wp-content\\\/uploads\\\/2019\\\/04\\\/PICT3968.jpg\",\"contentUrl\":\"https:\\\/\\\/melusinecouture.com\\\/wp-content\\\/uploads\\\/2019\\\/04\\\/PICT3968.jpg\",\"width\":1600,\"height\":1200},{\"@type\":\"BreadcrumbList\",\"@id\":\"https:\\\/\\\/melusinecouture.com\\\/index.php\\\/une-section-de-page-daccueil\\\/#breadcrumb\",\"itemListElement\":[{\"@type\":\"ListItem\",\"position\":1,\"name\":\"Accueil\",\"item\":\"https:\\\/\\\/melusinecouture.com\\\/\"},{\"@type\":\"ListItem\",\"position\":2,\"name\":\"Nos sp\u00e9cialit\u00e9s\"}]},{\"@type\":\"WebSite\",\"@id\":\"https:\\\/\\\/melusinecouture.com\\\/#website\",\"url\":\"https:\\\/\\\/melusinecouture.com\\\/\",\"name\":\"WWW.MELUSINECOUTURE.COM Ploun\u00e9our trez\",\"description\":\"M\u00e9lusine couture, tous travaux couture et si\u00e8ges , retouches broderies, linge de maison.\",\"potentialAction\":[{\"@type\":\"SearchAction\",\"target\":{\"@type\":\"EntryPoint\",\"urlTemplate\":\"https:\\\/\\\/melusinecouture.com\\\/?s={search_term_string}\"},\"query-input\":{\"@type\":\"PropertyValueSpecification\",\"valueRequired\":true,\"valueName\":\"search_term_string\"}}],\"inLanguage\":\"fr-FR\"}]}<\/script>\n<!-- \/ Yoast SEO plugin. -->","yoast_head_json":{"title":"Nos sp\u00e9cialit\u00e9s - WWW.MELUSINECOUTURE.COM Ploun\u00e9our trez","robots":{"index":"index","follow":"follow","max-snippet":"max-snippet:-1","max-image-preview":"max-image-preview:large","max-video-preview":"max-video-preview:-1"},"canonical":"https:\/\/melusinecouture.com\/index.php\/une-section-de-page-daccueil\/","og_locale":"fr_FR","og_type":"article","og_title":"Nos sp\u00e9cialit\u00e9s - WWW.MELUSINECOUTURE.COM Ploun\u00e9our trez","og_description":"Nous r\u00e9alisons tous travaux de couture.R\u00e9fection de tous styles.D\u00e9coration de l&rsquo;ensemble d&rsquo;une pi\u00e8ce, rideaux, si\u00e8ges et coussins. &nbsp;","og_url":"https:\/\/melusinecouture.com\/index.php\/une-section-de-page-daccueil\/","og_site_name":"WWW.MELUSINECOUTURE.COM Ploun\u00e9our trez","article_modified_time":"2025-08-21T19:34:23+00:00","og_image":[{"width":1600,"height":1200,"url":"https:\/\/melusinecouture.com\/wp-content\/uploads\/2019\/04\/PICT3968.jpg","type":"image\/jpeg"}],"twitter_card":"summary_large_image","twitter_misc":{"Dur\u00e9e de lecture estim\u00e9e":"1 minute"},"schema":{"@context":"https:\/\/schema.org","@graph":[{"@type":"WebPage","@id":"https:\/\/melusinecouture.com\/index.php\/une-section-de-page-daccueil\/","url":"https:\/\/melusinecouture.com\/index.php\/une-section-de-page-daccueil\/","name":"Nos sp\u00e9cialit\u00e9s - WWW.MELUSINECOUTURE.COM Ploun\u00e9our trez","isPartOf":{"@id":"https:\/\/melusinecouture.com\/#website"},"primaryImageOfPage":{"@id":"https:\/\/melusinecouture.com\/index.php\/une-section-de-page-daccueil\/#primaryimage"},"image":{"@id":"https:\/\/melusinecouture.com\/index.php\/une-section-de-page-daccueil\/#primaryimage"},"thumbnailUrl":"https:\/\/melusinecouture.com\/wp-content\/uploads\/2019\/04\/PICT3968.jpg","datePublished":"2019-04-04T09:55:59+00:00","dateModified":"2025-08-21T19:34:23+00:00","breadcrumb":{"@id":"https:\/\/melusinecouture.com\/index.php\/une-section-de-page-daccueil\/#breadcrumb"},"inLanguage":"fr-FR","potentialAction":[{"@type":"ReadAction","target":["https:\/\/melusinecouture.com\/index.php\/une-section-de-page-daccueil\/"]}]},{"@type":"ImageObject","inLanguage":"fr-FR","@id":"https:\/\/melusinecouture.com\/index.php\/une-section-de-page-daccueil\/#primaryimage","url":"https:\/\/melusinecouture.com\/wp-content\/uploads\/2019\/04\/PICT3968.jpg","contentUrl":"https:\/\/melusinecouture.com\/wp-content\/uploads\/2019\/04\/PICT3968.jpg","width":1600,"height":1200},{"@type":"BreadcrumbList","@id":"https:\/\/melusinecouture.com\/index.php\/une-section-de-page-daccueil\/#breadcrumb","itemListElement":[{"@type":"ListItem","position":1,"name":"Accueil","item":"https:\/\/melusinecouture.com\/"},{"@type":"ListItem","position":2,"name":"Nos sp\u00e9cialit\u00e9s"}]},{"@type":"WebSite","@id":"https:\/\/melusinecouture.com\/#website","url":"https:\/\/melusinecouture.com\/","name":"WWW.MELUSINECOUTURE.COM Ploun\u00e9our trez","description":"M\u00e9lusine couture, tous travaux couture et si\u00e8ges , retouches broderies, linge de maison.","potentialAction":[{"@type":"SearchAction","target":{"@type":"EntryPoint","urlTemplate":"https:\/\/melusinecouture.com\/?s={search_term_string}"},"query-input":{"@type":"PropertyValueSpecification","valueRequired":true,"valueName":"search_term_string"}}],"inLanguage":"fr-FR"}]}},"jetpack_sharing_enabled":true,"_links":{"self":[{"href":"https:\/\/melusinecouture.com\/index.php\/wp-json\/wp\/v2\/pages\/12","targetHints":{"allow":["GET"]}}],"collection":[{"href":"https:\/\/melusinecouture.com\/index.php\/wp-json\/wp\/v2\/pages"}],"about":[{"href":"https:\/\/melusinecouture.com\/index.php\/wp-json\/wp\/v2\/types\/page"}],"author":[{"embeddable":true,"href":"https:\/\/melusinecouture.com\/index.php\/wp-json\/wp\/v2\/users\/1"}],"replies":[{"embeddable":true,"href":"https:\/\/melusinecouture.com\/index.php\/wp-json\/wp\/v2\/comments?post=12"}],"version-history":[{"count":7,"href":"https:\/\/melusinecouture.com\/index.php\/wp-json\/wp\/v2\/pages\/12\/revisions"}],"predecessor-version":[{"id":16904,"href":"https:\/\/melusinecouture.com\/index.php\/wp-json\/wp\/v2\/pages\/12\/revisions\/16904"}],"wp:featuredmedia":[{"embeddable":true,"href":"https:\/\/melusinecouture.com\/index.php\/wp-json\/wp\/v2\/media\/121"}],"wp:attachment":[{"href":"https:\/\/melusinecouture.com\/index.php\/wp-json\/wp\/v2\/media?parent=12"}],"curies":[{"name":"wp","href":"https:\/\/api.w.org\/{rel}","templated":true}]}}