{"id":8,"date":"2025-04-08T16:31:59","date_gmt":"2025-04-08T14:31:59","guid":{"rendered":"http:\/\/melusinecouture.com\/?page_id=8"},"modified":"2026-03-31T14:28:33","modified_gmt":"2026-03-31T12:28:33","slug":"melusine-couture-sera-fermee-pour-des-conges-du-19-avril-2005-au-23-04-2025-et-du-30-avril-2025-au-11-mai-2025","status":"publish","type":"page","link":"https:\/\/melusinecouture.com\/","title":{"rendered":"Toute l&rsquo;\u00e9quipe de M\u00e9lusine Couture vous informe que nous seront en vacances du 04 avril 2026 au 08 avril 2026, du 29 avril au 17 mai 2026 et du 23 mai au 27 mai 2026. A bient\u00f4t"},"content":{"rendered":"\t\t<div data-elementor-type=\"wp-post\" data-elementor-id=\"8\" class=\"elementor elementor-8\">\n\t\t\t\t\t\t<section class=\"elementor-section elementor-top-section elementor-element elementor-element-31bf3b49 elementor-section-boxed elementor-section-height-default elementor-section-height-default\" data-id=\"31bf3b49\" data-element_type=\"section\" data-e-type=\"section\">\n\t\t\t\t\t\t<div class=\"elementor-container elementor-column-gap-default\">\n\t\t\t\t\t<div class=\"elementor-column elementor-col-100 elementor-top-column elementor-element elementor-element-f1220f3\" data-id=\"f1220f3\" data-element_type=\"column\" data-e-type=\"column\">\n\t\t\t<div class=\"elementor-widget-wrap elementor-element-populated\">\n\t\t\t\t\t\t<div class=\"elementor-element elementor-element-7e10914e elementor-widget elementor-widget-text-editor\" data-id=\"7e10914e\" data-element_type=\"widget\" data-e-type=\"widget\" data-widget_type=\"text-editor.default\">\n\t\t\t\t<div class=\"elementor-widget-container\">\n\t\t\t\t\t\t\t\t\t<h3 style=\"text-align: center;\">Bienvenue sur le site de M\u00e9lusine couture,<br \/>actuellement en cours de r\u00e9alisation.<\/h3>\n\t\t\t\t\t\t\t\t<\/div>\n\t\t\t\t<\/div>\n\t\t\t\t\t<\/div>\n\t\t<\/div>\n\t\t\t\t\t<\/div>\n\t\t<\/section>\n\t\t\t\t<section class=\"elementor-section elementor-top-section elementor-element elementor-element-efad43f elementor-section-boxed elementor-section-height-default elementor-section-height-default\" data-id=\"efad43f\" data-element_type=\"section\" data-e-type=\"section\">\n\t\t\t\t\t\t<div class=\"elementor-container elementor-column-gap-default\">\n\t\t\t\t\t<div class=\"elementor-column elementor-col-25 elementor-top-column elementor-element elementor-element-a47df8a\" data-id=\"a47df8a\" data-element_type=\"column\" data-e-type=\"column\">\n\t\t\t<div class=\"elementor-widget-wrap elementor-element-populated\">\n\t\t\t\t\t\t<div class=\"elementor-element elementor-element-a0d5968 elementor-widget elementor-widget-image\" data-id=\"a0d5968\" data-element_type=\"widget\" data-e-type=\"widget\" data-widget_type=\"image.default\">\n\t\t\t\t<div class=\"elementor-widget-container\">\n\t\t\t\t\t\t\t\t\t\t\t\t\t\t\t\t<a href=\"https:\/\/melusinecouture.com\/index.php\/boutique\/\">\n\t\t\t\t\t\t\t<img decoding=\"async\" width=\"153\" height=\"45\" src=\"https:\/\/melusinecouture.com\/wp-content\/uploads\/2019\/07\/boutique.jpg\" class=\"attachment-full size-full wp-image-296\" alt=\"\" srcset=\"https:\/\/melusinecouture.com\/wp-content\/uploads\/2019\/07\/boutique.jpg 153w, https:\/\/melusinecouture.com\/wp-content\/uploads\/2019\/07\/boutique-150x45.jpg 150w\" sizes=\"100vw\" \/>\t\t\t\t\t\t\t\t<\/a>\n\t\t\t\t\t\t\t\t\t\t\t\t\t\t\t<\/div>\n\t\t\t\t<\/div>\n\t\t\t\t\t<\/div>\n\t\t<\/div>\n\t\t\t\t<div class=\"elementor-column elementor-col-25 elementor-top-column elementor-element elementor-element-cce38c8\" data-id=\"cce38c8\" data-element_type=\"column\" data-e-type=\"column\">\n\t\t\t<div class=\"elementor-widget-wrap elementor-element-populated\">\n\t\t\t\t\t\t<div class=\"elementor-element elementor-element-672b3fc elementor-widget elementor-widget-image\" data-id=\"672b3fc\" data-element_type=\"widget\" data-e-type=\"widget\" data-widget_type=\"image.default\">\n\t\t\t\t<div class=\"elementor-widget-container\">\n\t\t\t\t\t\t\t\t\t\t\t\t\t\t\t\t<a href=\"https:\/\/melusinecouture.com\/index.php\/lentreprise\/\">\n\t\t\t\t\t\t\t<img decoding=\"async\" width=\"153\" height=\"45\" src=\"https:\/\/melusinecouture.com\/wp-content\/uploads\/2019\/07\/entreprise.jpg\" class=\"attachment-full size-full wp-image-298\" alt=\"\" srcset=\"https:\/\/melusinecouture.com\/wp-content\/uploads\/2019\/07\/entreprise.jpg 153w, https:\/\/melusinecouture.com\/wp-content\/uploads\/2019\/07\/entreprise-150x45.jpg 150w\" sizes=\"100vw\" \/>\t\t\t\t\t\t\t\t<\/a>\n\t\t\t\t\t\t\t\t\t\t\t\t\t\t\t<\/div>\n\t\t\t\t<\/div>\n\t\t\t\t\t<\/div>\n\t\t<\/div>\n\t\t\t\t<div class=\"elementor-column elementor-col-25 elementor-top-column elementor-element elementor-element-193440e\" data-id=\"193440e\" data-element_type=\"column\" data-e-type=\"column\">\n\t\t\t<div class=\"elementor-widget-wrap elementor-element-populated\">\n\t\t\t\t\t\t<div class=\"elementor-element elementor-element-0964c27 elementor-widget elementor-widget-image\" data-id=\"0964c27\" data-element_type=\"widget\" data-e-type=\"widget\" data-widget_type=\"image.default\">\n\t\t\t\t<div class=\"elementor-widget-container\">\n\t\t\t\t\t\t\t\t\t\t\t\t\t\t\t\t<a href=\"https:\/\/melusinecouture.com\/index.php\/latelier\/\">\n\t\t\t\t\t\t\t<img decoding=\"async\" width=\"153\" height=\"45\" src=\"https:\/\/melusinecouture.com\/wp-content\/uploads\/2019\/07\/atelier.jpg\" class=\"attachment-full size-full wp-image-300\" alt=\"\" srcset=\"https:\/\/melusinecouture.com\/wp-content\/uploads\/2019\/07\/atelier.jpg 153w, https:\/\/melusinecouture.com\/wp-content\/uploads\/2019\/07\/atelier-150x45.jpg 150w\" sizes=\"100vw\" \/>\t\t\t\t\t\t\t\t<\/a>\n\t\t\t\t\t\t\t\t\t\t\t\t\t\t\t<\/div>\n\t\t\t\t<\/div>\n\t\t\t\t\t<\/div>\n\t\t<\/div>\n\t\t\t\t<div class=\"elementor-column elementor-col-25 elementor-top-column elementor-element elementor-element-0d957bb\" data-id=\"0d957bb\" data-element_type=\"column\" data-e-type=\"column\">\n\t\t\t<div class=\"elementor-widget-wrap elementor-element-populated\">\n\t\t\t\t\t\t<div class=\"elementor-element elementor-element-a31429e elementor-widget elementor-widget-image\" data-id=\"a31429e\" data-element_type=\"widget\" data-e-type=\"widget\" data-widget_type=\"image.default\">\n\t\t\t\t<div class=\"elementor-widget-container\">\n\t\t\t\t\t\t\t\t\t\t\t\t\t\t\t\t<a href=\"https:\/\/melusinecouture.com\/index.php\/realisations-expos\/\">\n\t\t\t\t\t\t\t<img loading=\"lazy\" decoding=\"async\" width=\"153\" height=\"45\" src=\"https:\/\/melusinecouture.com\/wp-content\/uploads\/2019\/07\/expo.jpg\" class=\"attachment-full size-full wp-image-302\" alt=\"\" srcset=\"https:\/\/melusinecouture.com\/wp-content\/uploads\/2019\/07\/expo.jpg 153w, https:\/\/melusinecouture.com\/wp-content\/uploads\/2019\/07\/expo-150x45.jpg 150w\" sizes=\"100vw\" \/>\t\t\t\t\t\t\t\t<\/a>\n\t\t\t\t\t\t\t\t\t\t\t\t\t\t\t<\/div>\n\t\t\t\t<\/div>\n\t\t\t\t\t<\/div>\n\t\t<\/div>\n\t\t\t\t\t<\/div>\n\t\t<\/section>\n\t\t\t\t<section class=\"elementor-section elementor-top-section elementor-element elementor-element-286a789 elementor-section-full_width elementor-section-height-default elementor-section-height-default\" data-id=\"286a789\" data-element_type=\"section\" data-e-type=\"section\">\n\t\t\t\t\t\t<div class=\"elementor-container elementor-column-gap-default\">\n\t\t\t\t\t<div class=\"elementor-column elementor-col-25 elementor-top-column elementor-element elementor-element-275d976\" data-id=\"275d976\" data-element_type=\"column\" data-e-type=\"column\">\n\t\t\t<div class=\"elementor-widget-wrap elementor-element-populated\">\n\t\t\t\t\t\t<div class=\"elementor-element elementor-element-25e52ef elementor-widget elementor-widget-image\" data-id=\"25e52ef\" data-element_type=\"widget\" data-e-type=\"widget\" data-widget_type=\"image.default\">\n\t\t\t\t<div class=\"elementor-widget-container\">\n\t\t\t\t\t\t\t\t\t\t\t\t\t\t\t\t<a href=\"https:\/\/melusinecouture.com\/index.php\/boutique\/\">\n\t\t\t\t\t\t\t<img loading=\"lazy\" decoding=\"async\" width=\"644\" height=\"859\" src=\"https:\/\/melusinecouture.com\/wp-content\/uploads\/2019\/04\/t\u00e9l\u00e9phonne-cathy-vacances-106-768x1024.jpg\" class=\"attachment-large size-large wp-image-118\" alt=\"\" srcset=\"https:\/\/melusinecouture.com\/wp-content\/uploads\/2019\/04\/t\u00e9l\u00e9phonne-cathy-vacances-106-768x1024.jpg 768w, https:\/\/melusinecouture.com\/wp-content\/uploads\/2019\/04\/t\u00e9l\u00e9phonne-cathy-vacances-106-225x300.jpg 225w, https:\/\/melusinecouture.com\/wp-content\/uploads\/2019\/04\/t\u00e9l\u00e9phonne-cathy-vacances-106-350x467.jpg 350w, https:\/\/melusinecouture.com\/wp-content\/uploads\/2019\/04\/t\u00e9l\u00e9phonne-cathy-vacances-106.jpg 1944w\" sizes=\"100vw\" \/>\t\t\t\t\t\t\t\t<\/a>\n\t\t\t\t\t\t\t\t\t\t\t\t\t\t\t<\/div>\n\t\t\t\t<\/div>\n\t\t\t\t\t<\/div>\n\t\t<\/div>\n\t\t\t\t<div class=\"elementor-column elementor-col-25 elementor-top-column elementor-element elementor-element-7a3cc8c\" data-id=\"7a3cc8c\" data-element_type=\"column\" data-e-type=\"column\">\n\t\t\t<div class=\"elementor-widget-wrap elementor-element-populated\">\n\t\t\t\t\t\t<div class=\"elementor-element elementor-element-c93e4e0 elementor-widget elementor-widget-image\" data-id=\"c93e4e0\" data-element_type=\"widget\" data-e-type=\"widget\" data-widget_type=\"image.default\">\n\t\t\t\t<div class=\"elementor-widget-container\">\n\t\t\t\t\t\t\t\t\t\t\t\t\t\t\t<img loading=\"lazy\" decoding=\"async\" width=\"644\" height=\"859\" src=\"https:\/\/melusinecouture.com\/wp-content\/uploads\/2019\/04\/derni\u00e8res-photos-coussins-018-768x1024.jpg\" class=\"attachment-large size-large wp-image-112\" alt=\"\" srcset=\"https:\/\/melusinecouture.com\/wp-content\/uploads\/2019\/04\/derni\u00e8res-photos-coussins-018-768x1024.jpg 768w, https:\/\/melusinecouture.com\/wp-content\/uploads\/2019\/04\/derni\u00e8res-photos-coussins-018-225x300.jpg 225w, https:\/\/melusinecouture.com\/wp-content\/uploads\/2019\/04\/derni\u00e8res-photos-coussins-018-350x467.jpg 350w, https:\/\/melusinecouture.com\/wp-content\/uploads\/2019\/04\/derni\u00e8res-photos-coussins-018.jpg 1920w\" sizes=\"100vw\" \/>\t\t\t\t\t\t\t\t\t\t\t\t\t\t\t<\/div>\n\t\t\t\t<\/div>\n\t\t\t\t\t<\/div>\n\t\t<\/div>\n\t\t\t\t<div class=\"elementor-column elementor-col-25 elementor-top-column elementor-element elementor-element-11dee49\" data-id=\"11dee49\" data-element_type=\"column\" data-e-type=\"column\">\n\t\t\t<div class=\"elementor-widget-wrap elementor-element-populated\">\n\t\t\t\t\t\t<div class=\"elementor-element elementor-element-c8fd762 elementor-widget elementor-widget-image\" data-id=\"c8fd762\" data-element_type=\"widget\" data-e-type=\"widget\" data-widget_type=\"image.default\">\n\t\t\t\t<div class=\"elementor-widget-container\">\n\t\t\t\t\t\t\t\t\t\t\t\t\t\t\t<img loading=\"lazy\" decoding=\"async\" width=\"644\" height=\"859\" src=\"https:\/\/melusinecouture.com\/wp-content\/uploads\/2019\/04\/photo-du-2-10-2014-033-modifiee-768x1024.jpg\" class=\"attachment-large size-large wp-image-135\" alt=\"\" srcset=\"https:\/\/melusinecouture.com\/wp-content\/uploads\/2019\/04\/photo-du-2-10-2014-033-modifiee-768x1024.jpg 768w, https:\/\/melusinecouture.com\/wp-content\/uploads\/2019\/04\/photo-du-2-10-2014-033-modifiee-225x300.jpg 225w, https:\/\/melusinecouture.com\/wp-content\/uploads\/2019\/04\/photo-du-2-10-2014-033-modifiee-350x467.jpg 350w, https:\/\/melusinecouture.com\/wp-content\/uploads\/2019\/04\/photo-du-2-10-2014-033-modifiee.jpg 898w\" sizes=\"100vw\" \/>\t\t\t\t\t\t\t\t\t\t\t\t\t\t\t<\/div>\n\t\t\t\t<\/div>\n\t\t\t\t\t<\/div>\n\t\t<\/div>\n\t\t\t\t<div class=\"elementor-column elementor-col-25 elementor-top-column elementor-element elementor-element-73e65a3\" data-id=\"73e65a3\" data-element_type=\"column\" data-e-type=\"column\">\n\t\t\t<div class=\"elementor-widget-wrap elementor-element-populated\">\n\t\t\t\t\t\t<div class=\"elementor-element elementor-element-c3ea314 elementor-widget elementor-widget-image\" data-id=\"c3ea314\" data-element_type=\"widget\" data-e-type=\"widget\" data-widget_type=\"image.default\">\n\t\t\t\t<div class=\"elementor-widget-container\">\n\t\t\t\t\t\t\t\t\t\t\t\t\t\t\t<img loading=\"lazy\" decoding=\"async\" width=\"600\" height=\"800\" src=\"https:\/\/melusinecouture.com\/wp-content\/uploads\/2019\/04\/t\u00e9l\u00e9phonne-cathy-vacances-109_recadre.jpg\" class=\"attachment-large size-large wp-image-133\" alt=\"\" srcset=\"https:\/\/melusinecouture.com\/wp-content\/uploads\/2019\/04\/t\u00e9l\u00e9phonne-cathy-vacances-109_recadre.jpg 600w, https:\/\/melusinecouture.com\/wp-content\/uploads\/2019\/04\/t\u00e9l\u00e9phonne-cathy-vacances-109_recadre-225x300.jpg 225w, https:\/\/melusinecouture.com\/wp-content\/uploads\/2019\/04\/t\u00e9l\u00e9phonne-cathy-vacances-109_recadre-350x467.jpg 350w\" sizes=\"100vw\" \/>\t\t\t\t\t\t\t\t\t\t\t\t\t\t\t<\/div>\n\t\t\t\t<\/div>\n\t\t\t\t\t<\/div>\n\t\t<\/div>\n\t\t\t\t\t<\/div>\n\t\t<\/section>\n\t\t\t\t<section class=\"elementor-section elementor-top-section elementor-element elementor-element-8e0cbea elementor-section-boxed elementor-section-height-default elementor-section-height-default\" data-id=\"8e0cbea\" data-element_type=\"section\" data-e-type=\"section\">\n\t\t\t\t\t\t<div class=\"elementor-container elementor-column-gap-default\">\n\t\t\t\t\t<div class=\"elementor-column elementor-col-50 elementor-top-column elementor-element elementor-element-2b3e17a\" data-id=\"2b3e17a\" data-element_type=\"column\" data-e-type=\"column\">\n\t\t\t<div class=\"elementor-widget-wrap elementor-element-populated\">\n\t\t\t\t\t\t<div class=\"elementor-element elementor-element-2faa8e5 elementor-drop-cap-yes elementor-drop-cap-view-default elementor-widget elementor-widget-text-editor\" data-id=\"2faa8e5\" data-element_type=\"widget\" data-e-type=\"widget\" data-settings=\"{&quot;drop_cap&quot;:&quot;yes&quot;}\" data-widget_type=\"text-editor.default\">\n\t\t\t\t<div class=\"elementor-widget-container\">\n\t\t\t\t\t\t\t\t\t<p><span style=\"color: #333333;\">Notre service Live Chat :\u00a0<\/span><br \/><span style=\"color: #333333;\">Vous d\u00e9sirez un renseignement sur un produit, un conseil en d\u00e9coration,\u00a0 un devis etc.<\/span><\/p>\n<p>Si ce petit logo orange appara\u00eet en bas \u00e0 droite de votre \u00e9cran, un conseiller est disponible pour vous r\u00e9pondre.<\/p>\n<p><strong><img loading=\"lazy\" decoding=\"async\" class=\"size-full wp-image-261 aligncenter\" src=\"https:\/\/melusinecouture.com\/wp-content\/uploads\/2019\/06\/logo_chat_orange.png\" alt=\"\" width=\"103\" height=\"106\" \/><\/strong><\/p>\t\t\t\t\t\t\t\t<\/div>\n\t\t\t\t<\/div>\n\t\t\t\t\t<\/div>\n\t\t<\/div>\n\t\t\t\t<div class=\"elementor-column elementor-col-50 elementor-top-column elementor-element elementor-element-f4a05e3\" data-id=\"f4a05e3\" data-element_type=\"column\" data-e-type=\"column\">\n\t\t\t<div class=\"elementor-widget-wrap\">\n\t\t\t\t\t\t\t<\/div>\n\t\t<\/div>\n\t\t\t\t\t<\/div>\n\t\t<\/section>\n\t\t\t\t<\/div>\n\t\t","protected":false},"excerpt":{"rendered":"<p>Bienvenue sur le site de M\u00e9lusine couture,actuellement en cours de r\u00e9alisation. Notre service Live Chat :\u00a0Vous d\u00e9sirez un renseignement sur un produit, un conseil en d\u00e9coration,\u00a0 un devis etc. Si ce petit logo orange appara\u00eet en bas \u00e0 droite de votre \u00e9cran, un conseiller est disponible pour vous r\u00e9pondre.<\/p>\n","protected":false},"author":1,"featured_media":0,"parent":0,"menu_order":0,"comment_status":"closed","ping_status":"closed","template":"","meta":{"footnotes":""},"class_list":["post-8","page","type-page","status-publish","hentry"],"yoast_head":"<!-- This site is optimized with the Yoast SEO plugin v27.4 - https:\/\/yoast.com\/product\/yoast-seo-wordpress\/ -->\n<title>Toute l&#039;\u00e9quipe de M\u00e9lusine Couture vous informe que nous seront en vacances du 04 avril 2026 au 08 avril 2026, du 29 avril au 17 mai 2026 et du 23 mai au 27 mai 2026. A bient\u00f4t - WWW.MELUSINECOUTURE.COM Ploun\u00e9our trez<\/title>\n<meta name=\"description\" content=\"Site en construction A bient\u00f4t\" \/>\n<meta name=\"robots\" content=\"index, follow, max-snippet:-1, max-image-preview:large, max-video-preview:-1\" \/>\n<link rel=\"canonical\" href=\"https:\/\/melusinecouture.com\/\" \/>\n<meta property=\"og:locale\" content=\"fr_FR\" \/>\n<meta property=\"og:type\" content=\"article\" \/>\n<meta property=\"og:title\" content=\"Toute l&#039;\u00e9quipe de M\u00e9lusine Couture vous informe que nous seront en vacances du 04 avril 2026 au 08 avril 2026, du 29 avril au 17 mai 2026 et du 23 mai au 27 mai 2026. A bient\u00f4t - WWW.MELUSINECOUTURE.COM Ploun\u00e9our trez\" \/>\n<meta property=\"og:description\" content=\"Site en construction A bient\u00f4t\" \/>\n<meta property=\"og:url\" content=\"https:\/\/melusinecouture.com\/\" \/>\n<meta property=\"og:site_name\" content=\"WWW.MELUSINECOUTURE.COM Ploun\u00e9our trez\" \/>\n<meta property=\"article:modified_time\" content=\"2026-03-31T12:28:33+00:00\" \/>\n<meta property=\"og:image\" content=\"https:\/\/melusinecouture.com\/wp-content\/uploads\/2019\/07\/boutique.jpg\" \/>\n<meta name=\"twitter:card\" content=\"summary_large_image\" \/>\n<meta name=\"twitter:label1\" content=\"Dur\u00e9e de lecture estim\u00e9e\" \/>\n\t<meta name=\"twitter:data1\" content=\"3 minutes\" \/>\n<script type=\"application\/ld+json\" class=\"yoast-schema-graph\">{\"@context\":\"https:\\\/\\\/schema.org\",\"@graph\":[{\"@type\":\"WebPage\",\"@id\":\"https:\\\/\\\/melusinecouture.com\\\/\",\"url\":\"https:\\\/\\\/melusinecouture.com\\\/\",\"name\":\"Toute l'\u00e9quipe de M\u00e9lusine Couture vous informe que nous seront en vacances du 04 avril 2026 au 08 avril 2026, du 29 avril au 17 mai 2026 et du 23 mai au 27 mai 2026. A bient\u00f4t - WWW.MELUSINECOUTURE.COM Ploun\u00e9our trez\",\"isPartOf\":{\"@id\":\"https:\\\/\\\/melusinecouture.com\\\/#website\"},\"primaryImageOfPage\":{\"@id\":\"https:\\\/\\\/melusinecouture.com\\\/#primaryimage\"},\"image\":{\"@id\":\"https:\\\/\\\/melusinecouture.com\\\/#primaryimage\"},\"thumbnailUrl\":\"https:\\\/\\\/melusinecouture.com\\\/wp-content\\\/uploads\\\/2019\\\/07\\\/boutique.jpg\",\"datePublished\":\"2025-04-08T14:31:59+00:00\",\"dateModified\":\"2026-03-31T12:28:33+00:00\",\"description\":\"Site en construction A bient\u00f4t\",\"breadcrumb\":{\"@id\":\"https:\\\/\\\/melusinecouture.com\\\/#breadcrumb\"},\"inLanguage\":\"fr-FR\",\"potentialAction\":[{\"@type\":\"ReadAction\",\"target\":[\"https:\\\/\\\/melusinecouture.com\\\/\"]}]},{\"@type\":\"ImageObject\",\"inLanguage\":\"fr-FR\",\"@id\":\"https:\\\/\\\/melusinecouture.com\\\/#primaryimage\",\"url\":\"https:\\\/\\\/melusinecouture.com\\\/wp-content\\\/uploads\\\/2019\\\/07\\\/boutique.jpg\",\"contentUrl\":\"https:\\\/\\\/melusinecouture.com\\\/wp-content\\\/uploads\\\/2019\\\/07\\\/boutique.jpg\",\"width\":153,\"height\":45},{\"@type\":\"BreadcrumbList\",\"@id\":\"https:\\\/\\\/melusinecouture.com\\\/#breadcrumb\",\"itemListElement\":[{\"@type\":\"ListItem\",\"position\":1,\"name\":\"Accueil\",\"item\":\"https:\\\/\\\/melusinecouture.com\\\/\"},{\"@type\":\"ListItem\",\"position\":2,\"name\":\"Toute l&rsquo;\u00e9quipe de M\u00e9lusine Couture vous informe que nous seront en vacances du 04 avril 2026 au 08 avril 2026, du 29 avril au 17 mai 2026 et du 23 mai au 27 mai 2026. A bient\u00f4t\"}]},{\"@type\":\"WebSite\",\"@id\":\"https:\\\/\\\/melusinecouture.com\\\/#website\",\"url\":\"https:\\\/\\\/melusinecouture.com\\\/\",\"name\":\"WWW.MELUSINECOUTURE.COM Ploun\u00e9our trez\",\"description\":\"M\u00e9lusine couture, tous travaux couture et si\u00e8ges , retouches broderies, linge de maison.\",\"potentialAction\":[{\"@type\":\"SearchAction\",\"target\":{\"@type\":\"EntryPoint\",\"urlTemplate\":\"https:\\\/\\\/melusinecouture.com\\\/?s={search_term_string}\"},\"query-input\":{\"@type\":\"PropertyValueSpecification\",\"valueRequired\":true,\"valueName\":\"search_term_string\"}}],\"inLanguage\":\"fr-FR\"}]}<\/script>\n<!-- \/ Yoast SEO plugin. -->","yoast_head_json":{"title":"Toute l'\u00e9quipe de M\u00e9lusine Couture vous informe que nous seront en vacances du 04 avril 2026 au 08 avril 2026, du 29 avril au 17 mai 2026 et du 23 mai au 27 mai 2026. A bient\u00f4t - WWW.MELUSINECOUTURE.COM Ploun\u00e9our trez","description":"Site en construction A bient\u00f4t","robots":{"index":"index","follow":"follow","max-snippet":"max-snippet:-1","max-image-preview":"max-image-preview:large","max-video-preview":"max-video-preview:-1"},"canonical":"https:\/\/melusinecouture.com\/","og_locale":"fr_FR","og_type":"article","og_title":"Toute l'\u00e9quipe de M\u00e9lusine Couture vous informe que nous seront en vacances du 04 avril 2026 au 08 avril 2026, du 29 avril au 17 mai 2026 et du 23 mai au 27 mai 2026. A bient\u00f4t - WWW.MELUSINECOUTURE.COM Ploun\u00e9our trez","og_description":"Site en construction A bient\u00f4t","og_url":"https:\/\/melusinecouture.com\/","og_site_name":"WWW.MELUSINECOUTURE.COM Ploun\u00e9our trez","article_modified_time":"2026-03-31T12:28:33+00:00","og_image":[{"url":"https:\/\/melusinecouture.com\/wp-content\/uploads\/2019\/07\/boutique.jpg","type":"","width":"","height":""}],"twitter_card":"summary_large_image","twitter_misc":{"Dur\u00e9e de lecture estim\u00e9e":"3 minutes"},"schema":{"@context":"https:\/\/schema.org","@graph":[{"@type":"WebPage","@id":"https:\/\/melusinecouture.com\/","url":"https:\/\/melusinecouture.com\/","name":"Toute l'\u00e9quipe de M\u00e9lusine Couture vous informe que nous seront en vacances du 04 avril 2026 au 08 avril 2026, du 29 avril au 17 mai 2026 et du 23 mai au 27 mai 2026. A bient\u00f4t - WWW.MELUSINECOUTURE.COM Ploun\u00e9our trez","isPartOf":{"@id":"https:\/\/melusinecouture.com\/#website"},"primaryImageOfPage":{"@id":"https:\/\/melusinecouture.com\/#primaryimage"},"image":{"@id":"https:\/\/melusinecouture.com\/#primaryimage"},"thumbnailUrl":"https:\/\/melusinecouture.com\/wp-content\/uploads\/2019\/07\/boutique.jpg","datePublished":"2025-04-08T14:31:59+00:00","dateModified":"2026-03-31T12:28:33+00:00","description":"Site en construction A bient\u00f4t","breadcrumb":{"@id":"https:\/\/melusinecouture.com\/#breadcrumb"},"inLanguage":"fr-FR","potentialAction":[{"@type":"ReadAction","target":["https:\/\/melusinecouture.com\/"]}]},{"@type":"ImageObject","inLanguage":"fr-FR","@id":"https:\/\/melusinecouture.com\/#primaryimage","url":"https:\/\/melusinecouture.com\/wp-content\/uploads\/2019\/07\/boutique.jpg","contentUrl":"https:\/\/melusinecouture.com\/wp-content\/uploads\/2019\/07\/boutique.jpg","width":153,"height":45},{"@type":"BreadcrumbList","@id":"https:\/\/melusinecouture.com\/#breadcrumb","itemListElement":[{"@type":"ListItem","position":1,"name":"Accueil","item":"https:\/\/melusinecouture.com\/"},{"@type":"ListItem","position":2,"name":"Toute l&rsquo;\u00e9quipe de M\u00e9lusine Couture vous informe que nous seront en vacances du 04 avril 2026 au 08 avril 2026, du 29 avril au 17 mai 2026 et du 23 mai au 27 mai 2026. A bient\u00f4t"}]},{"@type":"WebSite","@id":"https:\/\/melusinecouture.com\/#website","url":"https:\/\/melusinecouture.com\/","name":"WWW.MELUSINECOUTURE.COM Ploun\u00e9our trez","description":"M\u00e9lusine couture, tous travaux couture et si\u00e8ges , retouches broderies, linge de maison.","potentialAction":[{"@type":"SearchAction","target":{"@type":"EntryPoint","urlTemplate":"https:\/\/melusinecouture.com\/?s={search_term_string}"},"query-input":{"@type":"PropertyValueSpecification","valueRequired":true,"valueName":"search_term_string"}}],"inLanguage":"fr-FR"}]}},"jetpack_sharing_enabled":true,"_links":{"self":[{"href":"https:\/\/melusinecouture.com\/index.php\/wp-json\/wp\/v2\/pages\/8","targetHints":{"allow":["GET"]}}],"collection":[{"href":"https:\/\/melusinecouture.com\/index.php\/wp-json\/wp\/v2\/pages"}],"about":[{"href":"https:\/\/melusinecouture.com\/index.php\/wp-json\/wp\/v2\/types\/page"}],"author":[{"embeddable":true,"href":"https:\/\/melusinecouture.com\/index.php\/wp-json\/wp\/v2\/users\/1"}],"replies":[{"embeddable":true,"href":"https:\/\/melusinecouture.com\/index.php\/wp-json\/wp\/v2\/comments?post=8"}],"version-history":[{"count":64,"href":"https:\/\/melusinecouture.com\/index.php\/wp-json\/wp\/v2\/pages\/8\/revisions"}],"predecessor-version":[{"id":16968,"href":"https:\/\/melusinecouture.com\/index.php\/wp-json\/wp\/v2\/pages\/8\/revisions\/16968"}],"wp:attachment":[{"href":"https:\/\/melusinecouture.com\/index.php\/wp-json\/wp\/v2\/media?parent=8"}],"curies":[{"name":"wp","href":"https:\/\/api.w.org\/{rel}","templated":true}]}}