{"id":84,"date":"2019-04-24T15:09:08","date_gmt":"2019-04-24T13:09:08","guid":{"rendered":"https:\/\/melusinecouture.com\/?page_id=84"},"modified":"2019-09-27T15:41:08","modified_gmt":"2019-09-27T13:41:08","slug":"elementor-84","status":"publish","type":"page","link":"https:\/\/melusinecouture.com\/index.php\/elementor-84\/","title":{"rendered":"Situation"},"content":{"rendered":"\t\t<div data-elementor-type=\"wp-post\" data-elementor-id=\"84\" class=\"elementor elementor-84\">\n\t\t\t\t\t\t<section class=\"elementor-section elementor-top-section elementor-element elementor-element-cd5f82b elementor-section-full_width elementor-section-height-default elementor-section-height-default\" data-id=\"cd5f82b\" data-element_type=\"section\" data-e-type=\"section\">\n\t\t\t\t\t\t<div class=\"elementor-container elementor-column-gap-default\">\n\t\t\t\t\t<div class=\"elementor-column elementor-col-100 elementor-top-column elementor-element elementor-element-5f448f1\" data-id=\"5f448f1\" data-element_type=\"column\" data-e-type=\"column\">\n\t\t\t<div class=\"elementor-widget-wrap elementor-element-populated\">\n\t\t\t\t\t\t<div class=\"elementor-element elementor-element-de22ba9 elementor-widget elementor-widget-text-editor\" data-id=\"de22ba9\" data-element_type=\"widget\" data-e-type=\"widget\" data-widget_type=\"text-editor.default\">\n\t\t\t\t<div class=\"elementor-widget-container\">\n\t\t\t\t\t\t\t\t\t<p><div id=\"lmm_10279ec2\" style=\"width:640px;\" class=\"mapsmarker markermap marker-2\">\n<div id=\"lmm_panel_10279ec2\" class=\"lmm-panel\" style=\"background:#efefef;\">\n<div id=\"lmm_panel_api_10279ec2\" class=\"lmm-panel-api\"><a href=\"https:\/\/maps.google.com\/maps?daddr=Ploun%C3%A9our-Trez+Bretagne%2C+France&amp;t=m&amp;layer=1&amp;doflg=ptk&amp;om=0\" target=\"_blank\" title=\"Obtenir l&#039;itin\u00e9raire\"><img decoding=\"async\" alt=\"icon-car.png\" src=\"https:\/\/melusinecouture.com\/wp-content\/plugins\/leaflet-maps-marker\/inc\/img\/icon-car.png\" width=\"14\" height=\"14\" class=\"lmm-panel-api-images\" \/><\/a><\/div><div id=\"lmm_panel_text_10279ec2\" class=\"lmm-panel-text\" style=\"font-weight:bold;color:#373737;\">M\u00e9lusine couture<\/div><\/div>\n<div id=\"lmm_map_10279ec2\" class=\"lmm-map\" style=\"background:#f6f6f6;border:1px solid #ccc;height:480px; overflow:hidden;padding:0;\"><p style=\"font-size:80%;color:#9f9e9e;margin-left:5px;\">chargement de la carte &#8211; veuillez patienter&#8230;<noscript><br\/><strong>La carte ne peut \u00eatre charg\u00e9e &#8211; s&rsquo;il vous pla\u00eet activer Javascript !<\/strong><br\/><a style=\"text-decoration:none;\" href=\"https:\/\/www.mapsmarker.com\/js-disabled\" target=\"_blank\">&rarr; plus dginformations<\/a><\/noscript><\/p><\/div>\n<div id=\"lmm_geo_tags_10279ec2\" class=\"lmm-geo-tags geo\">\n<span class=\"paneltext\">M\u00e9lusine couture<\/span>\n<span class=\"latitude\">48.645656<\/span>, <span class=\"longitude\">-4.330051<\/span>\n<span class=\"popuptext\"><\/span>\n<\/div>\n<\/div><\/p>\t\t\t\t\t\t\t\t<\/div>\n\t\t\t\t<\/div>\n\t\t\t\t\t<\/div>\n\t\t<\/div>\n\t\t\t\t\t<\/div>\n\t\t<\/section>\n\t\t\t\t<\/div>\n\t\t","protected":false},"excerpt":{"rendered":"","protected":false},"author":1,"featured_media":0,"parent":0,"menu_order":0,"comment_status":"closed","ping_status":"closed","template":"","meta":{"footnotes":""},"class_list":["post-84","page","type-page","status-publish","hentry"],"yoast_head":"<!-- This site is optimized with the Yoast SEO plugin v27.5 - https:\/\/yoast.com\/product\/yoast-seo-wordpress\/ -->\n<title>Situation - WWW.MELUSINECOUTURE.COM Ploun\u00e9our trez<\/title>\n<meta name=\"robots\" content=\"index, follow, max-snippet:-1, max-image-preview:large, max-video-preview:-1\" \/>\n<link rel=\"canonical\" href=\"https:\/\/melusinecouture.com\/index.php\/elementor-84\/\" \/>\n<meta property=\"og:locale\" content=\"fr_FR\" \/>\n<meta property=\"og:type\" content=\"article\" \/>\n<meta property=\"og:title\" content=\"Situation - WWW.MELUSINECOUTURE.COM Ploun\u00e9our trez\" \/>\n<meta property=\"og:url\" content=\"https:\/\/melusinecouture.com\/index.php\/elementor-84\/\" \/>\n<meta property=\"og:site_name\" content=\"WWW.MELUSINECOUTURE.COM Ploun\u00e9our trez\" \/>\n<meta property=\"article:modified_time\" content=\"2019-09-27T13:41:08+00:00\" \/>\n<meta name=\"twitter:card\" content=\"summary_large_image\" \/>\n<script type=\"application\/ld+json\" class=\"yoast-schema-graph\">{\"@context\":\"https:\\\/\\\/schema.org\",\"@graph\":[{\"@type\":\"WebPage\",\"@id\":\"https:\\\/\\\/melusinecouture.com\\\/index.php\\\/elementor-84\\\/\",\"url\":\"https:\\\/\\\/melusinecouture.com\\\/index.php\\\/elementor-84\\\/\",\"name\":\"Situation - WWW.MELUSINECOUTURE.COM Ploun\u00e9our trez\",\"isPartOf\":{\"@id\":\"https:\\\/\\\/melusinecouture.com\\\/#website\"},\"datePublished\":\"2019-04-24T13:09:08+00:00\",\"dateModified\":\"2019-09-27T13:41:08+00:00\",\"breadcrumb\":{\"@id\":\"https:\\\/\\\/melusinecouture.com\\\/index.php\\\/elementor-84\\\/#breadcrumb\"},\"inLanguage\":\"fr-FR\",\"potentialAction\":[{\"@type\":\"ReadAction\",\"target\":[\"https:\\\/\\\/melusinecouture.com\\\/index.php\\\/elementor-84\\\/\"]}]},{\"@type\":\"BreadcrumbList\",\"@id\":\"https:\\\/\\\/melusinecouture.com\\\/index.php\\\/elementor-84\\\/#breadcrumb\",\"itemListElement\":[{\"@type\":\"ListItem\",\"position\":1,\"name\":\"Accueil\",\"item\":\"https:\\\/\\\/melusinecouture.com\\\/\"},{\"@type\":\"ListItem\",\"position\":2,\"name\":\"Situation\"}]},{\"@type\":\"WebSite\",\"@id\":\"https:\\\/\\\/melusinecouture.com\\\/#website\",\"url\":\"https:\\\/\\\/melusinecouture.com\\\/\",\"name\":\"WWW.MELUSINECOUTURE.COM Ploun\u00e9our trez\",\"description\":\"M\u00e9lusine couture, tous travaux couture et si\u00e8ges , retouches broderies, linge de maison.\",\"potentialAction\":[{\"@type\":\"SearchAction\",\"target\":{\"@type\":\"EntryPoint\",\"urlTemplate\":\"https:\\\/\\\/melusinecouture.com\\\/?s={search_term_string}\"},\"query-input\":{\"@type\":\"PropertyValueSpecification\",\"valueRequired\":true,\"valueName\":\"search_term_string\"}}],\"inLanguage\":\"fr-FR\"}]}<\/script>\n<!-- \/ Yoast SEO plugin. -->","yoast_head_json":{"title":"Situation - WWW.MELUSINECOUTURE.COM Ploun\u00e9our trez","robots":{"index":"index","follow":"follow","max-snippet":"max-snippet:-1","max-image-preview":"max-image-preview:large","max-video-preview":"max-video-preview:-1"},"canonical":"https:\/\/melusinecouture.com\/index.php\/elementor-84\/","og_locale":"fr_FR","og_type":"article","og_title":"Situation - WWW.MELUSINECOUTURE.COM Ploun\u00e9our trez","og_url":"https:\/\/melusinecouture.com\/index.php\/elementor-84\/","og_site_name":"WWW.MELUSINECOUTURE.COM Ploun\u00e9our trez","article_modified_time":"2019-09-27T13:41:08+00:00","twitter_card":"summary_large_image","schema":{"@context":"https:\/\/schema.org","@graph":[{"@type":"WebPage","@id":"https:\/\/melusinecouture.com\/index.php\/elementor-84\/","url":"https:\/\/melusinecouture.com\/index.php\/elementor-84\/","name":"Situation - WWW.MELUSINECOUTURE.COM Ploun\u00e9our trez","isPartOf":{"@id":"https:\/\/melusinecouture.com\/#website"},"datePublished":"2019-04-24T13:09:08+00:00","dateModified":"2019-09-27T13:41:08+00:00","breadcrumb":{"@id":"https:\/\/melusinecouture.com\/index.php\/elementor-84\/#breadcrumb"},"inLanguage":"fr-FR","potentialAction":[{"@type":"ReadAction","target":["https:\/\/melusinecouture.com\/index.php\/elementor-84\/"]}]},{"@type":"BreadcrumbList","@id":"https:\/\/melusinecouture.com\/index.php\/elementor-84\/#breadcrumb","itemListElement":[{"@type":"ListItem","position":1,"name":"Accueil","item":"https:\/\/melusinecouture.com\/"},{"@type":"ListItem","position":2,"name":"Situation"}]},{"@type":"WebSite","@id":"https:\/\/melusinecouture.com\/#website","url":"https:\/\/melusinecouture.com\/","name":"WWW.MELUSINECOUTURE.COM Ploun\u00e9our trez","description":"M\u00e9lusine couture, tous travaux couture et si\u00e8ges , retouches broderies, linge de maison.","potentialAction":[{"@type":"SearchAction","target":{"@type":"EntryPoint","urlTemplate":"https:\/\/melusinecouture.com\/?s={search_term_string}"},"query-input":{"@type":"PropertyValueSpecification","valueRequired":true,"valueName":"search_term_string"}}],"inLanguage":"fr-FR"}]}},"jetpack_sharing_enabled":true,"_links":{"self":[{"href":"https:\/\/melusinecouture.com\/index.php\/wp-json\/wp\/v2\/pages\/84","targetHints":{"allow":["GET"]}}],"collection":[{"href":"https:\/\/melusinecouture.com\/index.php\/wp-json\/wp\/v2\/pages"}],"about":[{"href":"https:\/\/melusinecouture.com\/index.php\/wp-json\/wp\/v2\/types\/page"}],"author":[{"embeddable":true,"href":"https:\/\/melusinecouture.com\/index.php\/wp-json\/wp\/v2\/users\/1"}],"replies":[{"embeddable":true,"href":"https:\/\/melusinecouture.com\/index.php\/wp-json\/wp\/v2\/comments?post=84"}],"version-history":[{"count":4,"href":"https:\/\/melusinecouture.com\/index.php\/wp-json\/wp\/v2\/pages\/84\/revisions"}],"predecessor-version":[{"id":390,"href":"https:\/\/melusinecouture.com\/index.php\/wp-json\/wp\/v2\/pages\/84\/revisions\/390"}],"wp:attachment":[{"href":"https:\/\/melusinecouture.com\/index.php\/wp-json\/wp\/v2\/media?parent=84"}],"curies":[{"name":"wp","href":"https:\/\/api.w.org\/{rel}","templated":true}]}}